{"id":103,"date":"2019-02-25T13:31:22","date_gmt":"2019-02-25T13:31:22","guid":{"rendered":"http:\/\/printmed.gmbh\/?page_id=103"},"modified":"2019-02-26T14:56:05","modified_gmt":"2019-02-26T14:56:05","slug":"consulting","status":"publish","type":"page","link":"https:\/\/printmed.gmbh\/?page_id=103","title":{"rendered":"Consult"},"content":{"rendered":"\n<figure class=\"wp-block-image\"><img decoding=\"async\" loading=\"lazy\" width=\"960\" height=\"300\" src=\"https:\/\/printmed.gmbh\/wp-content\/uploads\/2019\/02\/consult_eyecatcher.jpg\" alt=\"\" class=\"wp-image-130\" srcset=\"https:\/\/printmed.gmbh\/wp-content\/uploads\/2019\/02\/consult_eyecatcher.jpg 960w, https:\/\/printmed.gmbh\/wp-content\/uploads\/2019\/02\/consult_eyecatcher-300x94.jpg 300w, https:\/\/printmed.gmbh\/wp-content\/uploads\/2019\/02\/consult_eyecatcher-768x240.jpg 768w\" sizes=\"(max-width: 960px) 100vw, 960px\" \/><\/figure>\n\n\n\n<h3>Beratungsleistungen<\/h3>\n\n\n\n<p>Als Unternehmensberater ein verl\u00e4sslicher Partner bei Markenartiklern, Industriekunden und Agenturen. Immer wieder stellen wir fest, dass viele Eink\u00e4ufer und Marketingabteilungen bei der Beschaffung von Druck- und Medien-Dienstleistungen sowie bei Verpackungen unn\u00f6tig hohe Kosten produzieren. <br>Dies liegt oftmals an fehlendem technischen Verst\u00e4ndnis, sowie dem mangelndem Anbietermarkt-\u00dcberblick und deren Besonderheiten im Einzelnen.<\/p>\n\n\n\n<p><\/p>\n\n\n\n<h3>Vorhandenes analysieren und optimieren<\/h3>\n\n\n\n<p>In 70% der F\u00e4lle konnten wir sogar \u00fcber 10% der Beschaffungskosten senken, alleine mit der Wahl der idealen Maschinen. Auch die Reklamationsquote bei Lieferanten konnte erheblich minimiert werden.<\/p>\n\n\n\n<p>Kommunikationsleitlinien, Produkt-Spezifikationen und Mitarbeiterschulungen sind hierbei ein wesentlicher Teil unserer Prozessoptimierung. Nachhaltigkeit ist ein andauernder Prozess.<\/p>\n\n\n\n<p><\/p>\n\n\n\n<h3>Expertenwissen und Schulungen<\/h3>\n\n\n\n<p>Wir vermitteln gerne Fachwissen an unsere Kunden und  Interessenten. Dabei werden Ihre Mitarbeiter in den relevanten Techniken  geschult bzw. weitergebildet. <br><br>&#8211; Reproduktion Farbmanagement<br>&#8211; Proofsysteme<br>&#8211; Druckformherstellung<br>&#8211; Druckverfahren (Offset\/ Flexo\/ Tiefdruck\/ Digitaldruck\/ Siebdruck)<br><\/p>\n\n\n\n<p><\/p>\n\n\n\n<p><\/p>\n\n\n\n<h3>Dienstleistungen<\/h3>\n\n\n\n<p>Lieferantenaudits, Qualit\u00e4tsmanagement.<br>Weltweite Qualit\u00e4tsabnahme f\u00fcr Mandanten an unterschiedlichen Produktionsst\u00e4tten.<br><\/p>\n\n\n\n<p><\/p>\n","protected":false},"excerpt":{"rendered":"<p>Beratungsleistungen Als Unternehmensberater ein verl\u00e4sslicher Partner bei Markenartiklern, Industriekunden und Agenturen. Immer wieder stellen wir fest, dass viele Eink\u00e4ufer und Marketingabteilungen bei der Beschaffung von Druck- und Medien-Dienstleistungen sowie bei Verpackungen unn\u00f6tig hohe Kosten produzieren. Dies liegt oftmals an fehlendem technischen Verst\u00e4ndnis, sowie dem mangelndem Anbietermarkt-\u00dcberblick und deren Besonderheiten im Einzelnen. Vorhandenes analysieren und optimieren<\/p><\/div>\n<div class=\"blog-btn\"><a href=\"https:\/\/printmed.gmbh\/?page_id=103\" class=\"home-blog-btn\">Weiterlesen<\/a><\/p>\n","protected":false},"author":1,"featured_media":0,"parent":0,"menu_order":0,"comment_status":"closed","ping_status":"closed","template":"template\/template-page-full-width.php","meta":[],"_links":{"self":[{"href":"https:\/\/printmed.gmbh\/index.php?rest_route=\/wp\/v2\/pages\/103"}],"collection":[{"href":"https:\/\/printmed.gmbh\/index.php?rest_route=\/wp\/v2\/pages"}],"about":[{"href":"https:\/\/printmed.gmbh\/index.php?rest_route=\/wp\/v2\/types\/page"}],"author":[{"embeddable":true,"href":"https:\/\/printmed.gmbh\/index.php?rest_route=\/wp\/v2\/users\/1"}],"replies":[{"embeddable":true,"href":"https:\/\/printmed.gmbh\/index.php?rest_route=%2Fwp%2Fv2%2Fcomments&post=103"}],"version-history":[{"count":4,"href":"https:\/\/printmed.gmbh\/index.php?rest_route=\/wp\/v2\/pages\/103\/revisions"}],"predecessor-version":[{"id":136,"href":"https:\/\/printmed.gmbh\/index.php?rest_route=\/wp\/v2\/pages\/103\/revisions\/136"}],"wp:attachment":[{"href":"https:\/\/printmed.gmbh\/index.php?rest_route=%2Fwp%2Fv2%2Fmedia&parent=103"}],"curies":[{"name":"wp","href":"https:\/\/api.w.org\/{rel}","templated":true}]}}