{"id":2,"date":"2016-05-10T03:48:21","date_gmt":"2016-05-10T03:48:21","guid":{"rendered":"http:\/\/printmed.gmbh\/?page_id=2"},"modified":"2019-02-26T14:56:44","modified_gmt":"2019-02-26T14:56:44","slug":"sample-page","status":"publish","type":"page","link":"https:\/\/printmed.gmbh\/?page_id=2","title":{"rendered":"PrePress"},"content":{"rendered":"\n<figure class=\"wp-block-image\"><img decoding=\"async\" loading=\"lazy\" width=\"960\" height=\"300\" src=\"https:\/\/printmed.gmbh\/wp-content\/uploads\/2019\/02\/farbzucht2300g_eyecatcher.jpg\" alt=\"\" class=\"wp-image-133\" srcset=\"https:\/\/printmed.gmbh\/wp-content\/uploads\/2019\/02\/farbzucht2300g_eyecatcher.jpg 960w, https:\/\/printmed.gmbh\/wp-content\/uploads\/2019\/02\/farbzucht2300g_eyecatcher-300x94.jpg 300w, https:\/\/printmed.gmbh\/wp-content\/uploads\/2019\/02\/farbzucht2300g_eyecatcher-768x240.jpg 768w\" sizes=\"(max-width: 960px) 100vw, 960px\" \/><\/figure>\n\n\n<p>Datenaufbereitung nach Ihren technischen Notwendigkeiten und unseren \u00dcbernahme-Richtlinien.<\/p>\n<p>Im Vorfeld m\u00fcssen wir deshalb miteinander immer genau kl\u00e4ren, wie und wo die von uns erstellten Druckdaten zum Einsatz kommen sollen.<\/p>\n<p>Nach M\u00f6glichkeit erstellen wir hierzu von jeder zum Einsatz kommenden Druckmaschine ein &#8222;Fingerprint&#8220;, um bei uns in der Datenaufbereitung entsprechende Ausgabeprofile einzurechnen. Mit unserem exzellenten Raster-Proofsystem k\u00f6nnen wir dann bereits das sp\u00e4tere Druckbild simulieren.<\/p>\n<p>Ist dies nicht m\u00f6glich, arbeiten wir mit Standard Referenzprofilen f\u00fcr jeweilige Drucktechniken und Ausgabemedien. (Offset\/Flexo\/Tiefdruck) Vorausgesetzt der Lieferant arbeitet idealerweise nach ISO 12647.<\/p>","protected":false},"excerpt":{"rendered":"<p>Datenaufbereitung nach Ihren technischen Notwendigkeiten und unseren \u00dcbernahme-Richtlinien. Im Vorfeld m\u00fcssen wir deshalb miteinander immer genau kl\u00e4ren, wie und wo die von uns erstellten Druckdaten zum Einsatz kommen sollen. Nach M\u00f6glichkeit erstellen wir hierzu von jeder zum Einsatz kommenden Druckmaschine ein &#8222;Fingerprint&#8220;, um bei uns in der Datenaufbereitung entsprechende Ausgabeprofile einzurechnen. Mit unserem exzellenten Raster-Proofsystem<\/p><\/div>\n<div class=\"blog-btn\"><a href=\"https:\/\/printmed.gmbh\/?page_id=2\" class=\"home-blog-btn\">Weiterlesen<\/a><\/p>\n","protected":false},"author":1,"featured_media":0,"parent":0,"menu_order":0,"comment_status":"closed","ping_status":"open","template":"template\/template-page-full-width.php","meta":[],"_links":{"self":[{"href":"https:\/\/printmed.gmbh\/index.php?rest_route=\/wp\/v2\/pages\/2"}],"collection":[{"href":"https:\/\/printmed.gmbh\/index.php?rest_route=\/wp\/v2\/pages"}],"about":[{"href":"https:\/\/printmed.gmbh\/index.php?rest_route=\/wp\/v2\/types\/page"}],"author":[{"embeddable":true,"href":"https:\/\/printmed.gmbh\/index.php?rest_route=\/wp\/v2\/users\/1"}],"replies":[{"embeddable":true,"href":"https:\/\/printmed.gmbh\/index.php?rest_route=%2Fwp%2Fv2%2Fcomments&post=2"}],"version-history":[{"count":4,"href":"https:\/\/printmed.gmbh\/index.php?rest_route=\/wp\/v2\/pages\/2\/revisions"}],"predecessor-version":[{"id":135,"href":"https:\/\/printmed.gmbh\/index.php?rest_route=\/wp\/v2\/pages\/2\/revisions\/135"}],"wp:attachment":[{"href":"https:\/\/printmed.gmbh\/index.php?rest_route=%2Fwp%2Fv2%2Fmedia&parent=2"}],"curies":[{"name":"wp","href":"https:\/\/api.w.org\/{rel}","templated":true}]}}